{"id":275,"date":"2024-05-20T18:52:18","date_gmt":"2024-05-20T18:52:18","guid":{"rendered":"https:\/\/elquirurgico.com\/?post_type=product&#038;p=275"},"modified":"2024-08-22T00:22:41","modified_gmt":"2024-08-22T00:22:41","slug":"campo-quirurgico","status":"publish","type":"product","link":"https:\/\/elquirurgico.com\/?product=campo-quirurgico","title":{"rendered":"CAMPO QUIRURGICO"},"content":{"rendered":"<p><span style=\"vertical-align: inherit;\"><span style=\"vertical-align: inherit;\">Campo de mesa est\u00e9ril . Producto est\u00e9ril .Pp 35 gr<\/span><\/span><\/p>\n<p>&nbsp;<\/p>\n","protected":false},"excerpt":{"rendered":"<p><img fetchpriority=\"high\" decoding=\"async\" class=\"alignnone size-medium wp-image-276\" src=\"https:\/\/elquirurgico.com\/wp-content\/uploads\/2024\/05\/cirugia-j-300x192.jpg\" alt=\"\" width=\"300\" height=\"192\" srcset=\"https:\/\/elquirurgico.com\/wp-content\/uploads\/2024\/05\/cirugia-j-300x192.jpg 300w, https:\/\/elquirurgico.com\/wp-content\/uploads\/2024\/05\/cirugia-j-768x490.jpg 768w, https:\/\/elquirurgico.com\/wp-content\/uploads\/2024\/05\/cirugia-j-600x383.jpg 600w, https:\/\/elquirurgico.com\/wp-content\/uploads\/2024\/05\/cirugia-j.jpg 990w\" sizes=\"(max-width: 300px) 100vw, 300px\" \/><\/p>\n","protected":false},"featured_media":595,"comment_status":"open","ping_status":"closed","template":"","meta":{"_coblocks_attr":"","_coblocks_dimensions":"","_coblocks_responsive_height":"","_coblocks_accordion_ie_support":""},"product_brand":[],"product_cat":[12],"product_tag":[],"class_list":{"0":"post-275","1":"product","2":"type-product","3":"status-publish","4":"has-post-thumbnail","6":"product_cat-ropa-desechable","8":"first","9":"instock","10":"taxable","11":"shipping-taxable","12":"purchasable","13":"product-type-simple"},"yoast_head":"<!-- This site is optimized with the Yoast SEO plugin v27.4 - https:\/\/yoast.com\/product\/yoast-seo-wordpress\/ -->\n<title>CAMPO QUIRURGICO - elquirurgico.com<\/title>\n<meta name=\"robots\" content=\"index, follow, max-snippet:-1, max-image-preview:large, max-video-preview:-1\" \/>\n<link rel=\"canonical\" href=\"https:\/\/elquirurgico.com\/?product=campo-quirurgico\" \/>\n<meta property=\"og:locale\" content=\"en_US\" \/>\n<meta property=\"og:type\" content=\"article\" \/>\n<meta property=\"og:title\" content=\"CAMPO QUIRURGICO - elquirurgico.com\" \/>\n<meta property=\"og:url\" content=\"https:\/\/elquirurgico.com\/?product=campo-quirurgico\" \/>\n<meta property=\"og:site_name\" content=\"elquirurgico.com\" \/>\n<meta property=\"article:modified_time\" content=\"2024-08-22T00:22:41+00:00\" \/>\n<meta property=\"og:image\" content=\"https:\/\/elquirurgico.com\/wp-content\/uploads\/2024\/06\/IMG-20240529-WA0008.jpg\" \/>\n\t<meta property=\"og:image:width\" content=\"1200\" \/>\n\t<meta property=\"og:image:height\" content=\"1600\" \/>\n\t<meta property=\"og:image:type\" content=\"image\/jpeg\" \/>\n<meta name=\"twitter:card\" content=\"summary_large_image\" \/>\n<meta name=\"twitter:label1\" content=\"Est. reading time\" \/>\n\t<meta name=\"twitter:data1\" content=\"1 minute\" \/>\n<script type=\"application\/ld+json\" class=\"yoast-schema-graph\">{\"@context\":\"https:\\\/\\\/schema.org\",\"@graph\":[{\"@type\":\"WebPage\",\"@id\":\"https:\\\/\\\/elquirurgico.com\\\/?product=campo-quirurgico\",\"url\":\"https:\\\/\\\/elquirurgico.com\\\/?product=campo-quirurgico\",\"name\":\"CAMPO QUIRURGICO - elquirurgico.com\",\"isPartOf\":{\"@id\":\"https:\\\/\\\/elquirurgico.com\\\/#website\"},\"primaryImageOfPage\":{\"@id\":\"https:\\\/\\\/elquirurgico.com\\\/?product=campo-quirurgico#primaryimage\"},\"image\":{\"@id\":\"https:\\\/\\\/elquirurgico.com\\\/?product=campo-quirurgico#primaryimage\"},\"thumbnailUrl\":\"https:\\\/\\\/elquirurgico.com\\\/wp-content\\\/uploads\\\/2024\\\/06\\\/IMG-20240529-WA0008.jpg\",\"datePublished\":\"2024-05-20T18:52:18+00:00\",\"dateModified\":\"2024-08-22T00:22:41+00:00\",\"breadcrumb\":{\"@id\":\"https:\\\/\\\/elquirurgico.com\\\/?product=campo-quirurgico#breadcrumb\"},\"inLanguage\":\"en-US\",\"potentialAction\":[{\"@type\":\"ReadAction\",\"target\":[\"https:\\\/\\\/elquirurgico.com\\\/?product=campo-quirurgico\"]}]},{\"@type\":\"ImageObject\",\"inLanguage\":\"en-US\",\"@id\":\"https:\\\/\\\/elquirurgico.com\\\/?product=campo-quirurgico#primaryimage\",\"url\":\"https:\\\/\\\/elquirurgico.com\\\/wp-content\\\/uploads\\\/2024\\\/06\\\/IMG-20240529-WA0008.jpg\",\"contentUrl\":\"https:\\\/\\\/elquirurgico.com\\\/wp-content\\\/uploads\\\/2024\\\/06\\\/IMG-20240529-WA0008.jpg\",\"width\":1200,\"height\":1600},{\"@type\":\"BreadcrumbList\",\"@id\":\"https:\\\/\\\/elquirurgico.com\\\/?product=campo-quirurgico#breadcrumb\",\"itemListElement\":[{\"@type\":\"ListItem\",\"position\":1,\"name\":\"Home\",\"item\":\"https:\\\/\\\/elquirurgico.com\\\/\"},{\"@type\":\"ListItem\",\"position\":2,\"name\":\"Gallery\",\"item\":\"https:\\\/\\\/elquirurgico.com\\\/\"},{\"@type\":\"ListItem\",\"position\":3,\"name\":\"CAMPO QUIRURGICO\"}]},{\"@type\":\"WebSite\",\"@id\":\"https:\\\/\\\/elquirurgico.com\\\/#website\",\"url\":\"https:\\\/\\\/elquirurgico.com\\\/\",\"name\":\"elquirurgico.com\",\"description\":\"Insumos medicos, Indumentaria desechable para procedimientos m\u00e9dicos, est\u00e9ticos y odontol\u00f3gicos. Salud y Belleza. Uniformes Gareis\",\"publisher\":{\"@id\":\"https:\\\/\\\/elquirurgico.com\\\/#organization\"},\"potentialAction\":[{\"@type\":\"SearchAction\",\"target\":{\"@type\":\"EntryPoint\",\"urlTemplate\":\"https:\\\/\\\/elquirurgico.com\\\/?s={search_term_string}\"},\"query-input\":{\"@type\":\"PropertyValueSpecification\",\"valueRequired\":true,\"valueName\":\"search_term_string\"}}],\"inLanguage\":\"en-US\"},{\"@type\":\"Organization\",\"@id\":\"https:\\\/\\\/elquirurgico.com\\\/#organization\",\"name\":\"elquirurgico.com\",\"url\":\"https:\\\/\\\/elquirurgico.com\\\/\",\"logo\":{\"@type\":\"ImageObject\",\"inLanguage\":\"en-US\",\"@id\":\"https:\\\/\\\/elquirurgico.com\\\/#\\\/schema\\\/logo\\\/image\\\/\",\"url\":\"https:\\\/\\\/elquirurgico.com\\\/wp-content\\\/uploads\\\/2024\\\/05\\\/cropped-cropped-cropped-Sin-titulo-Post-en-Instagram_20240518_132000_0000.png\",\"contentUrl\":\"https:\\\/\\\/elquirurgico.com\\\/wp-content\\\/uploads\\\/2024\\\/05\\\/cropped-cropped-cropped-Sin-titulo-Post-en-Instagram_20240518_132000_0000.png\",\"width\":512,\"height\":512,\"caption\":\"elquirurgico.com\"},\"image\":{\"@id\":\"https:\\\/\\\/elquirurgico.com\\\/#\\\/schema\\\/logo\\\/image\\\/\"}}]}<\/script>\n<!-- \/ Yoast SEO plugin. -->","yoast_head_json":{"title":"CAMPO QUIRURGICO - elquirurgico.com","robots":{"index":"index","follow":"follow","max-snippet":"max-snippet:-1","max-image-preview":"max-image-preview:large","max-video-preview":"max-video-preview:-1"},"canonical":"https:\/\/elquirurgico.com\/?product=campo-quirurgico","og_locale":"en_US","og_type":"article","og_title":"CAMPO QUIRURGICO - elquirurgico.com","og_url":"https:\/\/elquirurgico.com\/?product=campo-quirurgico","og_site_name":"elquirurgico.com","article_modified_time":"2024-08-22T00:22:41+00:00","og_image":[{"width":1200,"height":1600,"url":"https:\/\/elquirurgico.com\/wp-content\/uploads\/2024\/06\/IMG-20240529-WA0008.jpg","type":"image\/jpeg"}],"twitter_card":"summary_large_image","twitter_misc":{"Est. reading time":"1 minute"},"schema":{"@context":"https:\/\/schema.org","@graph":[{"@type":"WebPage","@id":"https:\/\/elquirurgico.com\/?product=campo-quirurgico","url":"https:\/\/elquirurgico.com\/?product=campo-quirurgico","name":"CAMPO QUIRURGICO - elquirurgico.com","isPartOf":{"@id":"https:\/\/elquirurgico.com\/#website"},"primaryImageOfPage":{"@id":"https:\/\/elquirurgico.com\/?product=campo-quirurgico#primaryimage"},"image":{"@id":"https:\/\/elquirurgico.com\/?product=campo-quirurgico#primaryimage"},"thumbnailUrl":"https:\/\/elquirurgico.com\/wp-content\/uploads\/2024\/06\/IMG-20240529-WA0008.jpg","datePublished":"2024-05-20T18:52:18+00:00","dateModified":"2024-08-22T00:22:41+00:00","breadcrumb":{"@id":"https:\/\/elquirurgico.com\/?product=campo-quirurgico#breadcrumb"},"inLanguage":"en-US","potentialAction":[{"@type":"ReadAction","target":["https:\/\/elquirurgico.com\/?product=campo-quirurgico"]}]},{"@type":"ImageObject","inLanguage":"en-US","@id":"https:\/\/elquirurgico.com\/?product=campo-quirurgico#primaryimage","url":"https:\/\/elquirurgico.com\/wp-content\/uploads\/2024\/06\/IMG-20240529-WA0008.jpg","contentUrl":"https:\/\/elquirurgico.com\/wp-content\/uploads\/2024\/06\/IMG-20240529-WA0008.jpg","width":1200,"height":1600},{"@type":"BreadcrumbList","@id":"https:\/\/elquirurgico.com\/?product=campo-quirurgico#breadcrumb","itemListElement":[{"@type":"ListItem","position":1,"name":"Home","item":"https:\/\/elquirurgico.com\/"},{"@type":"ListItem","position":2,"name":"Gallery","item":"https:\/\/elquirurgico.com\/"},{"@type":"ListItem","position":3,"name":"CAMPO QUIRURGICO"}]},{"@type":"WebSite","@id":"https:\/\/elquirurgico.com\/#website","url":"https:\/\/elquirurgico.com\/","name":"elquirurgico.com","description":"Insumos medicos, Indumentaria desechable para procedimientos m\u00e9dicos, est\u00e9ticos y odontol\u00f3gicos. Salud y Belleza. Uniformes Gareis","publisher":{"@id":"https:\/\/elquirurgico.com\/#organization"},"potentialAction":[{"@type":"SearchAction","target":{"@type":"EntryPoint","urlTemplate":"https:\/\/elquirurgico.com\/?s={search_term_string}"},"query-input":{"@type":"PropertyValueSpecification","valueRequired":true,"valueName":"search_term_string"}}],"inLanguage":"en-US"},{"@type":"Organization","@id":"https:\/\/elquirurgico.com\/#organization","name":"elquirurgico.com","url":"https:\/\/elquirurgico.com\/","logo":{"@type":"ImageObject","inLanguage":"en-US","@id":"https:\/\/elquirurgico.com\/#\/schema\/logo\/image\/","url":"https:\/\/elquirurgico.com\/wp-content\/uploads\/2024\/05\/cropped-cropped-cropped-Sin-titulo-Post-en-Instagram_20240518_132000_0000.png","contentUrl":"https:\/\/elquirurgico.com\/wp-content\/uploads\/2024\/05\/cropped-cropped-cropped-Sin-titulo-Post-en-Instagram_20240518_132000_0000.png","width":512,"height":512,"caption":"elquirurgico.com"},"image":{"@id":"https:\/\/elquirurgico.com\/#\/schema\/logo\/image\/"}}]}},"_links":{"self":[{"href":"https:\/\/elquirurgico.com\/index.php?rest_route=\/wp\/v2\/product\/275","targetHints":{"allow":["GET"]}}],"collection":[{"href":"https:\/\/elquirurgico.com\/index.php?rest_route=\/wp\/v2\/product"}],"about":[{"href":"https:\/\/elquirurgico.com\/index.php?rest_route=\/wp\/v2\/types\/product"}],"replies":[{"embeddable":true,"href":"https:\/\/elquirurgico.com\/index.php?rest_route=%2Fwp%2Fv2%2Fcomments&post=275"}],"wp:featuredmedia":[{"embeddable":true,"href":"https:\/\/elquirurgico.com\/index.php?rest_route=\/wp\/v2\/media\/595"}],"wp:attachment":[{"href":"https:\/\/elquirurgico.com\/index.php?rest_route=%2Fwp%2Fv2%2Fmedia&parent=275"}],"wp:term":[{"taxonomy":"product_brand","embeddable":true,"href":"https:\/\/elquirurgico.com\/index.php?rest_route=%2Fwp%2Fv2%2Fproduct_brand&post=275"},{"taxonomy":"product_cat","embeddable":true,"href":"https:\/\/elquirurgico.com\/index.php?rest_route=%2Fwp%2Fv2%2Fproduct_cat&post=275"},{"taxonomy":"product_tag","embeddable":true,"href":"https:\/\/elquirurgico.com\/index.php?rest_route=%2Fwp%2Fv2%2Fproduct_tag&post=275"}],"curies":[{"name":"wp","href":"https:\/\/api.w.org\/{rel}","templated":true}]}}