{"id":404,"date":"2024-05-22T15:48:21","date_gmt":"2024-05-22T15:48:21","guid":{"rendered":"https:\/\/elquirurgico.com\/?post_type=product&#038;p=404"},"modified":"2025-12-29T17:50:19","modified_gmt":"2025-12-29T17:50:19","slug":"mini-chaqueta-copia-2","status":"publish","type":"product","link":"https:\/\/elquirurgico.com\/?product=mini-chaqueta-copia-2","title":{"rendered":"MINI JACKET"},"content":{"rendered":"<p><span style=\"vertical-align: inherit;\"><span style=\"vertical-align: inherit;\"><span style=\"vertical-align: inherit;\"><span style=\"vertical-align: inherit;\"><span style=\"vertical-align: inherit;\"><span style=\"vertical-align: inherit;\"><span style=\"vertical-align: inherit;\"><span style=\"vertical-align: inherit;\"><span style=\"vertical-align: inherit;\"><span style=\"vertical-align: inherit;\"><span style=\"vertical-align: inherit;\"><span style=\"vertical-align: inherit;\"><span style=\"vertical-align: inherit;\"><span style=\"vertical-align: inherit;\">Mini chaqueta dama cierre cruzado. Bolsillos laterales con cierre. Manga larga con pu\u00f1o. Tela importada antifluido strech<\/span><\/span><\/span><\/span><\/span><\/span><\/span><\/span><\/span><\/span><\/span><\/span><\/span><\/span><\/p>\n","protected":false},"excerpt":{"rendered":"<p>Mini chaqueta dama cierre cruzado. Bolsillos laterales con cierre. Manga larga con pu\u00f1o. Tela importada antifluido strech<\/p>\n","protected":false},"featured_media":913,"comment_status":"closed","ping_status":"closed","template":"","meta":{"_coblocks_attr":"","_coblocks_dimensions":"","_coblocks_responsive_height":"","_coblocks_accordion_ie_support":""},"product_brand":[],"product_cat":[31,35,25],"product_tag":[],"class_list":{"0":"post-404","1":"product","2":"type-product","3":"status-publish","4":"has-post-thumbnail","6":"product_cat-damas","7":"product_cat-damas-damas-uniformes","8":"product_cat-uniformes","10":"first","11":"instock","12":"virtual","13":"taxable","14":"purchasable","15":"product-type-simple"},"yoast_head":"<!-- This site is optimized with the Yoast SEO plugin v27.5 - https:\/\/yoast.com\/product\/yoast-seo-wordpress\/ -->\n<title>MINI JACKET - elquirurgico.com<\/title>\n<meta name=\"robots\" content=\"index, follow, max-snippet:-1, max-image-preview:large, max-video-preview:-1\" \/>\n<link rel=\"canonical\" href=\"https:\/\/elquirurgico.com\/?product=mini-chaqueta-copia-2\" \/>\n<meta property=\"og:locale\" content=\"en_US\" \/>\n<meta property=\"og:type\" content=\"article\" \/>\n<meta property=\"og:title\" content=\"MINI JACKET - elquirurgico.com\" \/>\n<meta property=\"og:description\" content=\"Mini chaqueta dama cierre cruzado. Bolsillos laterales con cierre. Manga larga con pu\u00f1o. Tela importada antifluido strech\" \/>\n<meta property=\"og:url\" content=\"https:\/\/elquirurgico.com\/?product=mini-chaqueta-copia-2\" \/>\n<meta property=\"og:site_name\" content=\"elquirurgico.com\" \/>\n<meta property=\"article:modified_time\" content=\"2025-12-29T17:50:19+00:00\" \/>\n<meta property=\"og:image\" content=\"https:\/\/elquirurgico.com\/wp-content\/uploads\/2024\/05\/retouch_20251006142904641.jpg\" \/>\n\t<meta property=\"og:image:width\" content=\"992\" \/>\n\t<meta property=\"og:image:height\" content=\"1056\" \/>\n\t<meta property=\"og:image:type\" content=\"image\/jpeg\" \/>\n<meta name=\"twitter:card\" content=\"summary_large_image\" \/>\n<meta name=\"twitter:label1\" content=\"Est. reading time\" \/>\n\t<meta name=\"twitter:data1\" content=\"1 minute\" \/>\n<script type=\"application\/ld+json\" class=\"yoast-schema-graph\">{\"@context\":\"https:\\\/\\\/schema.org\",\"@graph\":[{\"@type\":\"WebPage\",\"@id\":\"https:\\\/\\\/elquirurgico.com\\\/?product=mini-chaqueta-copia-2\",\"url\":\"https:\\\/\\\/elquirurgico.com\\\/?product=mini-chaqueta-copia-2\",\"name\":\"MINI JACKET - elquirurgico.com\",\"isPartOf\":{\"@id\":\"https:\\\/\\\/elquirurgico.com\\\/#website\"},\"primaryImageOfPage\":{\"@id\":\"https:\\\/\\\/elquirurgico.com\\\/?product=mini-chaqueta-copia-2#primaryimage\"},\"image\":{\"@id\":\"https:\\\/\\\/elquirurgico.com\\\/?product=mini-chaqueta-copia-2#primaryimage\"},\"thumbnailUrl\":\"https:\\\/\\\/elquirurgico.com\\\/wp-content\\\/uploads\\\/2024\\\/05\\\/retouch_20251006142904641.jpg\",\"datePublished\":\"2024-05-22T15:48:21+00:00\",\"dateModified\":\"2025-12-29T17:50:19+00:00\",\"breadcrumb\":{\"@id\":\"https:\\\/\\\/elquirurgico.com\\\/?product=mini-chaqueta-copia-2#breadcrumb\"},\"inLanguage\":\"en-US\",\"potentialAction\":[{\"@type\":\"ReadAction\",\"target\":[\"https:\\\/\\\/elquirurgico.com\\\/?product=mini-chaqueta-copia-2\"]}]},{\"@type\":\"ImageObject\",\"inLanguage\":\"en-US\",\"@id\":\"https:\\\/\\\/elquirurgico.com\\\/?product=mini-chaqueta-copia-2#primaryimage\",\"url\":\"https:\\\/\\\/elquirurgico.com\\\/wp-content\\\/uploads\\\/2024\\\/05\\\/retouch_20251006142904641.jpg\",\"contentUrl\":\"https:\\\/\\\/elquirurgico.com\\\/wp-content\\\/uploads\\\/2024\\\/05\\\/retouch_20251006142904641.jpg\",\"width\":992,\"height\":1056,\"caption\":\"{\\\"data\\\":{\\\"pictureId\\\":\\\"37a1baa4ebe142a3a70399dfa0d8e812\\\",\\\"appversion\\\":\\\"7.2.0\\\",\\\"stickerId\\\":\\\"\\\",\\\"filterId\\\":\\\"\\\",\\\"infoStickerId\\\":\\\"\\\",\\\"imageEffectId\\\":\\\"\\\",\\\"playId\\\":\\\"\\\",\\\"activityName\\\":\\\"\\\",\\\"os\\\":\\\"android\\\",\\\"product\\\":\\\"retouch\\\",\\\"originAppId\\\":\\\"7356\\\",\\\"exportType\\\":\\\"\\\",\\\"editType\\\":\\\"\\\",\\\"alias\\\":\\\"\\\",\\\"enterFrom\\\":\\\"enter_launch\\\",\\\"capability_key\\\":[\\\"erase\\\"],\\\"capability_extra_v2\\\":{\\\"erase\\\":[{\\\"panel\\\":\\\"eliminatePen\\\"}]},\\\"effect_type\\\":\\\"tool\\\",\\\"effect_id\\\":\\\"erase\\\"},\\\"source_type\\\":\\\"hypic\\\",\\\"tiktok_developers_3p_anchor_params\\\":\\\"{\\\"client_key\\\":\\\"awgvo7gzpeas2ho6\\\",\\\"template_id\\\":\\\"\\\",\\\"filter_id\\\":[],\\\"capability_key\\\":[\\\"erase\\\"],\\\"capability_extra_v2\\\":{\\\"erase\\\":[{\\\"panel\\\":\\\"eliminatePen\\\"}]}}\\\"}\"},{\"@type\":\"BreadcrumbList\",\"@id\":\"https:\\\/\\\/elquirurgico.com\\\/?product=mini-chaqueta-copia-2#breadcrumb\",\"itemListElement\":[{\"@type\":\"ListItem\",\"position\":1,\"name\":\"Home\",\"item\":\"https:\\\/\\\/elquirurgico.com\\\/\"},{\"@type\":\"ListItem\",\"position\":2,\"name\":\"Gallery\",\"item\":\"https:\\\/\\\/elquirurgico.com\\\/\"},{\"@type\":\"ListItem\",\"position\":3,\"name\":\"MINI JACKET\"}]},{\"@type\":\"WebSite\",\"@id\":\"https:\\\/\\\/elquirurgico.com\\\/#website\",\"url\":\"https:\\\/\\\/elquirurgico.com\\\/\",\"name\":\"elquirurgico.com\",\"description\":\"Insumos medicos, Indumentaria desechable para procedimientos m\u00e9dicos, est\u00e9ticos y odontol\u00f3gicos. Salud y Belleza. Uniformes Gareis\",\"publisher\":{\"@id\":\"https:\\\/\\\/elquirurgico.com\\\/#organization\"},\"potentialAction\":[{\"@type\":\"SearchAction\",\"target\":{\"@type\":\"EntryPoint\",\"urlTemplate\":\"https:\\\/\\\/elquirurgico.com\\\/?s={search_term_string}\"},\"query-input\":{\"@type\":\"PropertyValueSpecification\",\"valueRequired\":true,\"valueName\":\"search_term_string\"}}],\"inLanguage\":\"en-US\"},{\"@type\":\"Organization\",\"@id\":\"https:\\\/\\\/elquirurgico.com\\\/#organization\",\"name\":\"elquirurgico.com\",\"url\":\"https:\\\/\\\/elquirurgico.com\\\/\",\"logo\":{\"@type\":\"ImageObject\",\"inLanguage\":\"en-US\",\"@id\":\"https:\\\/\\\/elquirurgico.com\\\/#\\\/schema\\\/logo\\\/image\\\/\",\"url\":\"https:\\\/\\\/elquirurgico.com\\\/wp-content\\\/uploads\\\/2024\\\/05\\\/cropped-cropped-cropped-Sin-titulo-Post-en-Instagram_20240518_132000_0000.png\",\"contentUrl\":\"https:\\\/\\\/elquirurgico.com\\\/wp-content\\\/uploads\\\/2024\\\/05\\\/cropped-cropped-cropped-Sin-titulo-Post-en-Instagram_20240518_132000_0000.png\",\"width\":512,\"height\":512,\"caption\":\"elquirurgico.com\"},\"image\":{\"@id\":\"https:\\\/\\\/elquirurgico.com\\\/#\\\/schema\\\/logo\\\/image\\\/\"}}]}<\/script>\n<!-- \/ Yoast SEO plugin. -->","yoast_head_json":{"title":"MINI JACKET - elquirurgico.com","robots":{"index":"index","follow":"follow","max-snippet":"max-snippet:-1","max-image-preview":"max-image-preview:large","max-video-preview":"max-video-preview:-1"},"canonical":"https:\/\/elquirurgico.com\/?product=mini-chaqueta-copia-2","og_locale":"en_US","og_type":"article","og_title":"MINI JACKET - elquirurgico.com","og_description":"Mini chaqueta dama cierre cruzado. Bolsillos laterales con cierre. Manga larga con pu\u00f1o. Tela importada antifluido strech","og_url":"https:\/\/elquirurgico.com\/?product=mini-chaqueta-copia-2","og_site_name":"elquirurgico.com","article_modified_time":"2025-12-29T17:50:19+00:00","og_image":[{"width":992,"height":1056,"url":"https:\/\/elquirurgico.com\/wp-content\/uploads\/2024\/05\/retouch_20251006142904641.jpg","type":"image\/jpeg"}],"twitter_card":"summary_large_image","twitter_misc":{"Est. reading time":"1 minute"},"schema":{"@context":"https:\/\/schema.org","@graph":[{"@type":"WebPage","@id":"https:\/\/elquirurgico.com\/?product=mini-chaqueta-copia-2","url":"https:\/\/elquirurgico.com\/?product=mini-chaqueta-copia-2","name":"MINI JACKET - elquirurgico.com","isPartOf":{"@id":"https:\/\/elquirurgico.com\/#website"},"primaryImageOfPage":{"@id":"https:\/\/elquirurgico.com\/?product=mini-chaqueta-copia-2#primaryimage"},"image":{"@id":"https:\/\/elquirurgico.com\/?product=mini-chaqueta-copia-2#primaryimage"},"thumbnailUrl":"https:\/\/elquirurgico.com\/wp-content\/uploads\/2024\/05\/retouch_20251006142904641.jpg","datePublished":"2024-05-22T15:48:21+00:00","dateModified":"2025-12-29T17:50:19+00:00","breadcrumb":{"@id":"https:\/\/elquirurgico.com\/?product=mini-chaqueta-copia-2#breadcrumb"},"inLanguage":"en-US","potentialAction":[{"@type":"ReadAction","target":["https:\/\/elquirurgico.com\/?product=mini-chaqueta-copia-2"]}]},{"@type":"ImageObject","inLanguage":"en-US","@id":"https:\/\/elquirurgico.com\/?product=mini-chaqueta-copia-2#primaryimage","url":"https:\/\/elquirurgico.com\/wp-content\/uploads\/2024\/05\/retouch_20251006142904641.jpg","contentUrl":"https:\/\/elquirurgico.com\/wp-content\/uploads\/2024\/05\/retouch_20251006142904641.jpg","width":992,"height":1056,"caption":"{\"data\":{\"pictureId\":\"37a1baa4ebe142a3a70399dfa0d8e812\",\"appversion\":\"7.2.0\",\"stickerId\":\"\",\"filterId\":\"\",\"infoStickerId\":\"\",\"imageEffectId\":\"\",\"playId\":\"\",\"activityName\":\"\",\"os\":\"android\",\"product\":\"retouch\",\"originAppId\":\"7356\",\"exportType\":\"\",\"editType\":\"\",\"alias\":\"\",\"enterFrom\":\"enter_launch\",\"capability_key\":[\"erase\"],\"capability_extra_v2\":{\"erase\":[{\"panel\":\"eliminatePen\"}]},\"effect_type\":\"tool\",\"effect_id\":\"erase\"},\"source_type\":\"hypic\",\"tiktok_developers_3p_anchor_params\":\"{\"client_key\":\"awgvo7gzpeas2ho6\",\"template_id\":\"\",\"filter_id\":[],\"capability_key\":[\"erase\"],\"capability_extra_v2\":{\"erase\":[{\"panel\":\"eliminatePen\"}]}}\"}"},{"@type":"BreadcrumbList","@id":"https:\/\/elquirurgico.com\/?product=mini-chaqueta-copia-2#breadcrumb","itemListElement":[{"@type":"ListItem","position":1,"name":"Home","item":"https:\/\/elquirurgico.com\/"},{"@type":"ListItem","position":2,"name":"Gallery","item":"https:\/\/elquirurgico.com\/"},{"@type":"ListItem","position":3,"name":"MINI JACKET"}]},{"@type":"WebSite","@id":"https:\/\/elquirurgico.com\/#website","url":"https:\/\/elquirurgico.com\/","name":"elquirurgico.com","description":"Insumos medicos, Indumentaria desechable para procedimientos m\u00e9dicos, est\u00e9ticos y odontol\u00f3gicos. Salud y Belleza. Uniformes Gareis","publisher":{"@id":"https:\/\/elquirurgico.com\/#organization"},"potentialAction":[{"@type":"SearchAction","target":{"@type":"EntryPoint","urlTemplate":"https:\/\/elquirurgico.com\/?s={search_term_string}"},"query-input":{"@type":"PropertyValueSpecification","valueRequired":true,"valueName":"search_term_string"}}],"inLanguage":"en-US"},{"@type":"Organization","@id":"https:\/\/elquirurgico.com\/#organization","name":"elquirurgico.com","url":"https:\/\/elquirurgico.com\/","logo":{"@type":"ImageObject","inLanguage":"en-US","@id":"https:\/\/elquirurgico.com\/#\/schema\/logo\/image\/","url":"https:\/\/elquirurgico.com\/wp-content\/uploads\/2024\/05\/cropped-cropped-cropped-Sin-titulo-Post-en-Instagram_20240518_132000_0000.png","contentUrl":"https:\/\/elquirurgico.com\/wp-content\/uploads\/2024\/05\/cropped-cropped-cropped-Sin-titulo-Post-en-Instagram_20240518_132000_0000.png","width":512,"height":512,"caption":"elquirurgico.com"},"image":{"@id":"https:\/\/elquirurgico.com\/#\/schema\/logo\/image\/"}}]}},"_links":{"self":[{"href":"https:\/\/elquirurgico.com\/index.php?rest_route=\/wp\/v2\/product\/404","targetHints":{"allow":["GET"]}}],"collection":[{"href":"https:\/\/elquirurgico.com\/index.php?rest_route=\/wp\/v2\/product"}],"about":[{"href":"https:\/\/elquirurgico.com\/index.php?rest_route=\/wp\/v2\/types\/product"}],"replies":[{"embeddable":true,"href":"https:\/\/elquirurgico.com\/index.php?rest_route=%2Fwp%2Fv2%2Fcomments&post=404"}],"wp:featuredmedia":[{"embeddable":true,"href":"https:\/\/elquirurgico.com\/index.php?rest_route=\/wp\/v2\/media\/913"}],"wp:attachment":[{"href":"https:\/\/elquirurgico.com\/index.php?rest_route=%2Fwp%2Fv2%2Fmedia&parent=404"}],"wp:term":[{"taxonomy":"product_brand","embeddable":true,"href":"https:\/\/elquirurgico.com\/index.php?rest_route=%2Fwp%2Fv2%2Fproduct_brand&post=404"},{"taxonomy":"product_cat","embeddable":true,"href":"https:\/\/elquirurgico.com\/index.php?rest_route=%2Fwp%2Fv2%2Fproduct_cat&post=404"},{"taxonomy":"product_tag","embeddable":true,"href":"https:\/\/elquirurgico.com\/index.php?rest_route=%2Fwp%2Fv2%2Fproduct_tag&post=404"}],"curies":[{"name":"wp","href":"https:\/\/api.w.org\/{rel}","templated":true}]}}