{"id":422,"date":"2024-05-22T16:24:29","date_gmt":"2024-05-22T16:24:29","guid":{"rendered":"https:\/\/elquirurgico.com\/?post_type=product&#038;p=422"},"modified":"2025-12-29T18:15:32","modified_gmt":"2025-12-29T18:15:32","slug":"mini-jacket-manga-3-4","status":"publish","type":"product","link":"https:\/\/elquirurgico.com\/?product=mini-jacket-manga-3-4","title":{"rendered":"MINI JACKET MANGA 3\/4"},"content":{"rendered":"<p><span style=\"vertical-align: inherit;\"><span style=\"vertical-align: inherit;\"><span style=\"vertical-align: inherit;\"><span style=\"vertical-align: inherit;\"><span style=\"vertical-align: inherit;\"><span style=\"vertical-align: inherit;\"><span style=\"vertical-align: inherit;\"><span style=\"vertical-align: inherit;\">Mini chaqueta dama cierre recto. Bolsillos laterales con cierre. Manga 3\/4 con pu\u00f1o. Tela importada antifluido strech<\/span><\/span><\/span><\/span><\/span><\/span><\/span><\/span><\/p>\n","protected":false},"excerpt":{"rendered":"<p>Mini chaqueta dama cierre recto. Bolsillos laterales con cierre. Manga 3\/4 con pu\u00f1o. Tela importada antifluido strech<\/p>\n","protected":false},"featured_media":930,"comment_status":"open","ping_status":"closed","template":"","meta":{"_coblocks_attr":"","_coblocks_dimensions":"","_coblocks_responsive_height":"","_coblocks_accordion_ie_support":""},"product_brand":[],"product_cat":[31,35,25],"product_tag":[],"class_list":{"0":"post-422","1":"product","2":"type-product","3":"status-publish","4":"has-post-thumbnail","6":"product_cat-damas","7":"product_cat-damas-damas-uniformes","8":"product_cat-uniformes","10":"first","11":"instock","12":"taxable","13":"shipping-taxable","14":"purchasable","15":"product-type-simple"},"yoast_head":"<!-- This site is optimized with the Yoast SEO plugin v27.5 - https:\/\/yoast.com\/product\/yoast-seo-wordpress\/ -->\n<title>MINI JACKET MANGA 3\/4 - elquirurgico.com<\/title>\n<meta name=\"robots\" content=\"index, follow, max-snippet:-1, max-image-preview:large, max-video-preview:-1\" \/>\n<link rel=\"canonical\" href=\"https:\/\/elquirurgico.com\/?product=mini-jacket-manga-3-4\" \/>\n<meta property=\"og:locale\" content=\"en_US\" \/>\n<meta property=\"og:type\" content=\"article\" \/>\n<meta property=\"og:title\" content=\"MINI JACKET MANGA 3\/4 - elquirurgico.com\" \/>\n<meta property=\"og:description\" content=\"Mini chaqueta dama cierre recto. Bolsillos laterales con cierre. Manga 3\/4 con pu\u00f1o. Tela importada antifluido strech\" \/>\n<meta property=\"og:url\" content=\"https:\/\/elquirurgico.com\/?product=mini-jacket-manga-3-4\" \/>\n<meta property=\"og:site_name\" content=\"elquirurgico.com\" \/>\n<meta property=\"article:modified_time\" content=\"2025-12-29T18:15:32+00:00\" \/>\n<meta property=\"og:image\" content=\"https:\/\/elquirurgico.com\/wp-content\/uploads\/2024\/06\/retouch_20251008054243641-1.jpg\" \/>\n\t<meta property=\"og:image:width\" content=\"800\" \/>\n\t<meta property=\"og:image:height\" content=\"1280\" \/>\n\t<meta property=\"og:image:type\" content=\"image\/jpeg\" \/>\n<meta name=\"twitter:card\" content=\"summary_large_image\" \/>\n<meta name=\"twitter:label1\" content=\"Est. reading time\" \/>\n\t<meta name=\"twitter:data1\" content=\"1 minute\" \/>\n<script type=\"application\/ld+json\" class=\"yoast-schema-graph\">{\"@context\":\"https:\\\/\\\/schema.org\",\"@graph\":[{\"@type\":\"WebPage\",\"@id\":\"https:\\\/\\\/elquirurgico.com\\\/?product=mini-jacket-manga-3-4\",\"url\":\"https:\\\/\\\/elquirurgico.com\\\/?product=mini-jacket-manga-3-4\",\"name\":\"MINI JACKET MANGA 3\\\/4 - elquirurgico.com\",\"isPartOf\":{\"@id\":\"https:\\\/\\\/elquirurgico.com\\\/#website\"},\"primaryImageOfPage\":{\"@id\":\"https:\\\/\\\/elquirurgico.com\\\/?product=mini-jacket-manga-3-4#primaryimage\"},\"image\":{\"@id\":\"https:\\\/\\\/elquirurgico.com\\\/?product=mini-jacket-manga-3-4#primaryimage\"},\"thumbnailUrl\":\"https:\\\/\\\/elquirurgico.com\\\/wp-content\\\/uploads\\\/2024\\\/06\\\/retouch_20251008054243641-1.jpg\",\"datePublished\":\"2024-05-22T16:24:29+00:00\",\"dateModified\":\"2025-12-29T18:15:32+00:00\",\"breadcrumb\":{\"@id\":\"https:\\\/\\\/elquirurgico.com\\\/?product=mini-jacket-manga-3-4#breadcrumb\"},\"inLanguage\":\"en-US\",\"potentialAction\":[{\"@type\":\"ReadAction\",\"target\":[\"https:\\\/\\\/elquirurgico.com\\\/?product=mini-jacket-manga-3-4\"]}]},{\"@type\":\"ImageObject\",\"inLanguage\":\"en-US\",\"@id\":\"https:\\\/\\\/elquirurgico.com\\\/?product=mini-jacket-manga-3-4#primaryimage\",\"url\":\"https:\\\/\\\/elquirurgico.com\\\/wp-content\\\/uploads\\\/2024\\\/06\\\/retouch_20251008054243641-1.jpg\",\"contentUrl\":\"https:\\\/\\\/elquirurgico.com\\\/wp-content\\\/uploads\\\/2024\\\/06\\\/retouch_20251008054243641-1.jpg\",\"width\":800,\"height\":1280,\"caption\":\"{\\\"data\\\":{\\\"pictureId\\\":\\\"5f06ebeb6f1946f2b8980a380281c381\\\",\\\"appversion\\\":\\\"7.2.0\\\",\\\"stickerId\\\":\\\"\\\",\\\"filterId\\\":\\\"\\\",\\\"infoStickerId\\\":\\\"\\\",\\\"imageEffectId\\\":\\\"\\\",\\\"playId\\\":\\\"\\\",\\\"activityName\\\":\\\"\\\",\\\"os\\\":\\\"android\\\",\\\"product\\\":\\\"retouch\\\",\\\"originAppId\\\":\\\"7356\\\",\\\"exportType\\\":\\\"\\\",\\\"editType\\\":\\\"\\\",\\\"alias\\\":\\\"\\\",\\\"enterFrom\\\":\\\"enter_launch\\\",\\\"capability_key\\\":[\\\"portrait\\\",\\\"erase\\\"],\\\"capability_extra_v2\\\":{\\\"erase\\\":[{\\\"panel\\\":\\\"magic_eliminate\\\"}]},\\\"effect_type\\\":\\\"tool\\\",\\\"effect_id\\\":\\\"portrait\\\",\\\"AIGC\\\":{\\\"Label\\\":\\\"1\\\",\\\"ContentProducer\\\":\\\"00119144030008867405X210002\\\",\\\"ProduceID\\\":\\\"e637ab6232a14d439f59aad6da316293\\\",\\\"ReservedCode1\\\":\\\"\\\",\\\"ContentPropagator\\\":\\\"00119144030008867405X220002\\\",\\\"PropagateID\\\":\\\"\\\",\\\"ReservedCode2\\\":\\\"\\\"}},\\\"source_type\\\":\\\"hypic\\\",\\\"tiktok_developers_3p_anchor_params\\\":\\\"{\\\"client_key\\\":\\\"awgvo7gzpeas2ho6\\\",\\\"template_id\\\":\\\"\\\",\\\"filter_id\\\":[],\\\"capability_key\\\":[\\\"portrait\\\",\\\"erase\\\"],\\\"capability_extra_v2\\\":{\\\"erase\\\":[{\\\"panel\\\":\\\"magic_eliminate\\\"}]}}\\\"}\"},{\"@type\":\"BreadcrumbList\",\"@id\":\"https:\\\/\\\/elquirurgico.com\\\/?product=mini-jacket-manga-3-4#breadcrumb\",\"itemListElement\":[{\"@type\":\"ListItem\",\"position\":1,\"name\":\"Home\",\"item\":\"https:\\\/\\\/elquirurgico.com\\\/\"},{\"@type\":\"ListItem\",\"position\":2,\"name\":\"Gallery\",\"item\":\"https:\\\/\\\/elquirurgico.com\\\/\"},{\"@type\":\"ListItem\",\"position\":3,\"name\":\"MINI JACKET MANGA 3\\\/4\"}]},{\"@type\":\"WebSite\",\"@id\":\"https:\\\/\\\/elquirurgico.com\\\/#website\",\"url\":\"https:\\\/\\\/elquirurgico.com\\\/\",\"name\":\"elquirurgico.com\",\"description\":\"Insumos medicos, Indumentaria desechable para procedimientos m\u00e9dicos, est\u00e9ticos y odontol\u00f3gicos. Salud y Belleza. Uniformes Gareis\",\"publisher\":{\"@id\":\"https:\\\/\\\/elquirurgico.com\\\/#organization\"},\"potentialAction\":[{\"@type\":\"SearchAction\",\"target\":{\"@type\":\"EntryPoint\",\"urlTemplate\":\"https:\\\/\\\/elquirurgico.com\\\/?s={search_term_string}\"},\"query-input\":{\"@type\":\"PropertyValueSpecification\",\"valueRequired\":true,\"valueName\":\"search_term_string\"}}],\"inLanguage\":\"en-US\"},{\"@type\":\"Organization\",\"@id\":\"https:\\\/\\\/elquirurgico.com\\\/#organization\",\"name\":\"elquirurgico.com\",\"url\":\"https:\\\/\\\/elquirurgico.com\\\/\",\"logo\":{\"@type\":\"ImageObject\",\"inLanguage\":\"en-US\",\"@id\":\"https:\\\/\\\/elquirurgico.com\\\/#\\\/schema\\\/logo\\\/image\\\/\",\"url\":\"https:\\\/\\\/elquirurgico.com\\\/wp-content\\\/uploads\\\/2024\\\/05\\\/cropped-cropped-cropped-Sin-titulo-Post-en-Instagram_20240518_132000_0000.png\",\"contentUrl\":\"https:\\\/\\\/elquirurgico.com\\\/wp-content\\\/uploads\\\/2024\\\/05\\\/cropped-cropped-cropped-Sin-titulo-Post-en-Instagram_20240518_132000_0000.png\",\"width\":512,\"height\":512,\"caption\":\"elquirurgico.com\"},\"image\":{\"@id\":\"https:\\\/\\\/elquirurgico.com\\\/#\\\/schema\\\/logo\\\/image\\\/\"}}]}<\/script>\n<!-- \/ Yoast SEO plugin. -->","yoast_head_json":{"title":"MINI JACKET MANGA 3\/4 - elquirurgico.com","robots":{"index":"index","follow":"follow","max-snippet":"max-snippet:-1","max-image-preview":"max-image-preview:large","max-video-preview":"max-video-preview:-1"},"canonical":"https:\/\/elquirurgico.com\/?product=mini-jacket-manga-3-4","og_locale":"en_US","og_type":"article","og_title":"MINI JACKET MANGA 3\/4 - elquirurgico.com","og_description":"Mini chaqueta dama cierre recto. Bolsillos laterales con cierre. Manga 3\/4 con pu\u00f1o. Tela importada antifluido strech","og_url":"https:\/\/elquirurgico.com\/?product=mini-jacket-manga-3-4","og_site_name":"elquirurgico.com","article_modified_time":"2025-12-29T18:15:32+00:00","og_image":[{"width":800,"height":1280,"url":"https:\/\/elquirurgico.com\/wp-content\/uploads\/2024\/06\/retouch_20251008054243641-1.jpg","type":"image\/jpeg"}],"twitter_card":"summary_large_image","twitter_misc":{"Est. reading time":"1 minute"},"schema":{"@context":"https:\/\/schema.org","@graph":[{"@type":"WebPage","@id":"https:\/\/elquirurgico.com\/?product=mini-jacket-manga-3-4","url":"https:\/\/elquirurgico.com\/?product=mini-jacket-manga-3-4","name":"MINI JACKET MANGA 3\/4 - elquirurgico.com","isPartOf":{"@id":"https:\/\/elquirurgico.com\/#website"},"primaryImageOfPage":{"@id":"https:\/\/elquirurgico.com\/?product=mini-jacket-manga-3-4#primaryimage"},"image":{"@id":"https:\/\/elquirurgico.com\/?product=mini-jacket-manga-3-4#primaryimage"},"thumbnailUrl":"https:\/\/elquirurgico.com\/wp-content\/uploads\/2024\/06\/retouch_20251008054243641-1.jpg","datePublished":"2024-05-22T16:24:29+00:00","dateModified":"2025-12-29T18:15:32+00:00","breadcrumb":{"@id":"https:\/\/elquirurgico.com\/?product=mini-jacket-manga-3-4#breadcrumb"},"inLanguage":"en-US","potentialAction":[{"@type":"ReadAction","target":["https:\/\/elquirurgico.com\/?product=mini-jacket-manga-3-4"]}]},{"@type":"ImageObject","inLanguage":"en-US","@id":"https:\/\/elquirurgico.com\/?product=mini-jacket-manga-3-4#primaryimage","url":"https:\/\/elquirurgico.com\/wp-content\/uploads\/2024\/06\/retouch_20251008054243641-1.jpg","contentUrl":"https:\/\/elquirurgico.com\/wp-content\/uploads\/2024\/06\/retouch_20251008054243641-1.jpg","width":800,"height":1280,"caption":"{\"data\":{\"pictureId\":\"5f06ebeb6f1946f2b8980a380281c381\",\"appversion\":\"7.2.0\",\"stickerId\":\"\",\"filterId\":\"\",\"infoStickerId\":\"\",\"imageEffectId\":\"\",\"playId\":\"\",\"activityName\":\"\",\"os\":\"android\",\"product\":\"retouch\",\"originAppId\":\"7356\",\"exportType\":\"\",\"editType\":\"\",\"alias\":\"\",\"enterFrom\":\"enter_launch\",\"capability_key\":[\"portrait\",\"erase\"],\"capability_extra_v2\":{\"erase\":[{\"panel\":\"magic_eliminate\"}]},\"effect_type\":\"tool\",\"effect_id\":\"portrait\",\"AIGC\":{\"Label\":\"1\",\"ContentProducer\":\"00119144030008867405X210002\",\"ProduceID\":\"e637ab6232a14d439f59aad6da316293\",\"ReservedCode1\":\"\",\"ContentPropagator\":\"00119144030008867405X220002\",\"PropagateID\":\"\",\"ReservedCode2\":\"\"}},\"source_type\":\"hypic\",\"tiktok_developers_3p_anchor_params\":\"{\"client_key\":\"awgvo7gzpeas2ho6\",\"template_id\":\"\",\"filter_id\":[],\"capability_key\":[\"portrait\",\"erase\"],\"capability_extra_v2\":{\"erase\":[{\"panel\":\"magic_eliminate\"}]}}\"}"},{"@type":"BreadcrumbList","@id":"https:\/\/elquirurgico.com\/?product=mini-jacket-manga-3-4#breadcrumb","itemListElement":[{"@type":"ListItem","position":1,"name":"Home","item":"https:\/\/elquirurgico.com\/"},{"@type":"ListItem","position":2,"name":"Gallery","item":"https:\/\/elquirurgico.com\/"},{"@type":"ListItem","position":3,"name":"MINI JACKET MANGA 3\/4"}]},{"@type":"WebSite","@id":"https:\/\/elquirurgico.com\/#website","url":"https:\/\/elquirurgico.com\/","name":"elquirurgico.com","description":"Insumos medicos, Indumentaria desechable para procedimientos m\u00e9dicos, est\u00e9ticos y odontol\u00f3gicos. Salud y Belleza. Uniformes Gareis","publisher":{"@id":"https:\/\/elquirurgico.com\/#organization"},"potentialAction":[{"@type":"SearchAction","target":{"@type":"EntryPoint","urlTemplate":"https:\/\/elquirurgico.com\/?s={search_term_string}"},"query-input":{"@type":"PropertyValueSpecification","valueRequired":true,"valueName":"search_term_string"}}],"inLanguage":"en-US"},{"@type":"Organization","@id":"https:\/\/elquirurgico.com\/#organization","name":"elquirurgico.com","url":"https:\/\/elquirurgico.com\/","logo":{"@type":"ImageObject","inLanguage":"en-US","@id":"https:\/\/elquirurgico.com\/#\/schema\/logo\/image\/","url":"https:\/\/elquirurgico.com\/wp-content\/uploads\/2024\/05\/cropped-cropped-cropped-Sin-titulo-Post-en-Instagram_20240518_132000_0000.png","contentUrl":"https:\/\/elquirurgico.com\/wp-content\/uploads\/2024\/05\/cropped-cropped-cropped-Sin-titulo-Post-en-Instagram_20240518_132000_0000.png","width":512,"height":512,"caption":"elquirurgico.com"},"image":{"@id":"https:\/\/elquirurgico.com\/#\/schema\/logo\/image\/"}}]}},"_links":{"self":[{"href":"https:\/\/elquirurgico.com\/index.php?rest_route=\/wp\/v2\/product\/422","targetHints":{"allow":["GET"]}}],"collection":[{"href":"https:\/\/elquirurgico.com\/index.php?rest_route=\/wp\/v2\/product"}],"about":[{"href":"https:\/\/elquirurgico.com\/index.php?rest_route=\/wp\/v2\/types\/product"}],"replies":[{"embeddable":true,"href":"https:\/\/elquirurgico.com\/index.php?rest_route=%2Fwp%2Fv2%2Fcomments&post=422"}],"wp:featuredmedia":[{"embeddable":true,"href":"https:\/\/elquirurgico.com\/index.php?rest_route=\/wp\/v2\/media\/930"}],"wp:attachment":[{"href":"https:\/\/elquirurgico.com\/index.php?rest_route=%2Fwp%2Fv2%2Fmedia&parent=422"}],"wp:term":[{"taxonomy":"product_brand","embeddable":true,"href":"https:\/\/elquirurgico.com\/index.php?rest_route=%2Fwp%2Fv2%2Fproduct_brand&post=422"},{"taxonomy":"product_cat","embeddable":true,"href":"https:\/\/elquirurgico.com\/index.php?rest_route=%2Fwp%2Fv2%2Fproduct_cat&post=422"},{"taxonomy":"product_tag","embeddable":true,"href":"https:\/\/elquirurgico.com\/index.php?rest_route=%2Fwp%2Fv2%2Fproduct_tag&post=422"}],"curies":[{"name":"wp","href":"https:\/\/api.w.org\/{rel}","templated":true}]}}