{"id":833,"date":"2024-08-26T22:00:17","date_gmt":"2024-08-26T22:00:17","guid":{"rendered":"https:\/\/elquirurgico.com\/?post_type=product&#038;p=833"},"modified":"2025-02-19T22:55:12","modified_gmt":"2025-02-19T22:55:12","slug":"gorro-multiuso","status":"publish","type":"product","link":"https:\/\/elquirurgico.com\/?product=gorro-multiuso","title":{"rendered":"GORRO MULTIUSO"},"content":{"rendered":"<p>GORRO MULTIUSO CON ELASTICO .Pp 15 gr<\/p>\n<p>CARTON * 2000 UNIDADES<\/p>\n<p>&nbsp;<\/p>\n","protected":false},"excerpt":{"rendered":"<p><img fetchpriority=\"high\" decoding=\"async\" class=\"alignnone size-medium wp-image-330\" src=\"https:\/\/elquirurgico.com\/wp-content\/uploads\/2024\/05\/Screenshot_20231201_154615_WhatsAppBusiness-300x278.jpg\" alt=\"\" width=\"300\" height=\"278\" srcset=\"https:\/\/elquirurgico.com\/wp-content\/uploads\/2024\/05\/Screenshot_20231201_154615_WhatsAppBusiness-300x278.jpg 300w, https:\/\/elquirurgico.com\/wp-content\/uploads\/2024\/05\/Screenshot_20231201_154615_WhatsAppBusiness-600x557.jpg 600w, https:\/\/elquirurgico.com\/wp-content\/uploads\/2024\/05\/Screenshot_20231201_154615_WhatsAppBusiness.jpg 696w\" sizes=\"(max-width: 300px) 100vw, 300px\" \/><\/p>\n","protected":false},"featured_media":794,"comment_status":"open","ping_status":"closed","template":"","meta":{"_coblocks_attr":"","_coblocks_dimensions":"","_coblocks_responsive_height":"","_coblocks_accordion_ie_support":""},"product_brand":[],"product_cat":[12],"product_tag":[],"class_list":{"0":"post-833","1":"product","2":"type-product","3":"status-publish","4":"has-post-thumbnail","6":"product_cat-ropa-desechable","8":"first","9":"instock","10":"purchasable","11":"product-type-simple"},"yoast_head":"<!-- This site is optimized with the Yoast SEO plugin v27.4 - https:\/\/yoast.com\/product\/yoast-seo-wordpress\/ -->\n<title>GORRO MULTIUSO - elquirurgico.com<\/title>\n<meta name=\"robots\" content=\"index, follow, max-snippet:-1, max-image-preview:large, max-video-preview:-1\" \/>\n<link rel=\"canonical\" href=\"https:\/\/elquirurgico.com\/?product=gorro-multiuso\" \/>\n<meta property=\"og:locale\" content=\"en_US\" \/>\n<meta property=\"og:type\" content=\"article\" \/>\n<meta property=\"og:title\" content=\"GORRO MULTIUSO - elquirurgico.com\" \/>\n<meta property=\"og:url\" content=\"https:\/\/elquirurgico.com\/?product=gorro-multiuso\" \/>\n<meta property=\"og:site_name\" content=\"elquirurgico.com\" \/>\n<meta property=\"article:modified_time\" content=\"2025-02-19T22:55:12+00:00\" \/>\n<meta property=\"og:image\" content=\"https:\/\/elquirurgico.com\/wp-content\/uploads\/2024\/07\/retouch_2024072311153013.png\" \/>\n\t<meta property=\"og:image:width\" content=\"970\" \/>\n\t<meta property=\"og:image:height\" content=\"1057\" \/>\n\t<meta property=\"og:image:type\" content=\"image\/png\" \/>\n<meta name=\"twitter:card\" content=\"summary_large_image\" \/>\n<meta name=\"twitter:label1\" content=\"Est. reading time\" \/>\n\t<meta name=\"twitter:data1\" content=\"1 minute\" \/>\n<script type=\"application\/ld+json\" class=\"yoast-schema-graph\">{\"@context\":\"https:\\\/\\\/schema.org\",\"@graph\":[{\"@type\":\"WebPage\",\"@id\":\"https:\\\/\\\/elquirurgico.com\\\/?product=gorro-multiuso\",\"url\":\"https:\\\/\\\/elquirurgico.com\\\/?product=gorro-multiuso\",\"name\":\"GORRO MULTIUSO - elquirurgico.com\",\"isPartOf\":{\"@id\":\"https:\\\/\\\/elquirurgico.com\\\/#website\"},\"primaryImageOfPage\":{\"@id\":\"https:\\\/\\\/elquirurgico.com\\\/?product=gorro-multiuso#primaryimage\"},\"image\":{\"@id\":\"https:\\\/\\\/elquirurgico.com\\\/?product=gorro-multiuso#primaryimage\"},\"thumbnailUrl\":\"https:\\\/\\\/elquirurgico.com\\\/wp-content\\\/uploads\\\/2024\\\/07\\\/retouch_2024072311153013.png\",\"datePublished\":\"2024-08-26T22:00:17+00:00\",\"dateModified\":\"2025-02-19T22:55:12+00:00\",\"breadcrumb\":{\"@id\":\"https:\\\/\\\/elquirurgico.com\\\/?product=gorro-multiuso#breadcrumb\"},\"inLanguage\":\"en-US\",\"potentialAction\":[{\"@type\":\"ReadAction\",\"target\":[\"https:\\\/\\\/elquirurgico.com\\\/?product=gorro-multiuso\"]}]},{\"@type\":\"ImageObject\",\"inLanguage\":\"en-US\",\"@id\":\"https:\\\/\\\/elquirurgico.com\\\/?product=gorro-multiuso#primaryimage\",\"url\":\"https:\\\/\\\/elquirurgico.com\\\/wp-content\\\/uploads\\\/2024\\\/07\\\/retouch_2024072311153013.png\",\"contentUrl\":\"https:\\\/\\\/elquirurgico.com\\\/wp-content\\\/uploads\\\/2024\\\/07\\\/retouch_2024072311153013.png\",\"width\":970,\"height\":1057},{\"@type\":\"BreadcrumbList\",\"@id\":\"https:\\\/\\\/elquirurgico.com\\\/?product=gorro-multiuso#breadcrumb\",\"itemListElement\":[{\"@type\":\"ListItem\",\"position\":1,\"name\":\"Home\",\"item\":\"https:\\\/\\\/elquirurgico.com\\\/\"},{\"@type\":\"ListItem\",\"position\":2,\"name\":\"Gallery\",\"item\":\"https:\\\/\\\/elquirurgico.com\\\/\"},{\"@type\":\"ListItem\",\"position\":3,\"name\":\"GORRO MULTIUSO\"}]},{\"@type\":\"WebSite\",\"@id\":\"https:\\\/\\\/elquirurgico.com\\\/#website\",\"url\":\"https:\\\/\\\/elquirurgico.com\\\/\",\"name\":\"elquirurgico.com\",\"description\":\"Insumos medicos, Indumentaria desechable para procedimientos m\u00e9dicos, est\u00e9ticos y odontol\u00f3gicos. Salud y Belleza. Uniformes Gareis\",\"publisher\":{\"@id\":\"https:\\\/\\\/elquirurgico.com\\\/#organization\"},\"potentialAction\":[{\"@type\":\"SearchAction\",\"target\":{\"@type\":\"EntryPoint\",\"urlTemplate\":\"https:\\\/\\\/elquirurgico.com\\\/?s={search_term_string}\"},\"query-input\":{\"@type\":\"PropertyValueSpecification\",\"valueRequired\":true,\"valueName\":\"search_term_string\"}}],\"inLanguage\":\"en-US\"},{\"@type\":\"Organization\",\"@id\":\"https:\\\/\\\/elquirurgico.com\\\/#organization\",\"name\":\"elquirurgico.com\",\"url\":\"https:\\\/\\\/elquirurgico.com\\\/\",\"logo\":{\"@type\":\"ImageObject\",\"inLanguage\":\"en-US\",\"@id\":\"https:\\\/\\\/elquirurgico.com\\\/#\\\/schema\\\/logo\\\/image\\\/\",\"url\":\"https:\\\/\\\/elquirurgico.com\\\/wp-content\\\/uploads\\\/2024\\\/05\\\/cropped-cropped-cropped-Sin-titulo-Post-en-Instagram_20240518_132000_0000.png\",\"contentUrl\":\"https:\\\/\\\/elquirurgico.com\\\/wp-content\\\/uploads\\\/2024\\\/05\\\/cropped-cropped-cropped-Sin-titulo-Post-en-Instagram_20240518_132000_0000.png\",\"width\":512,\"height\":512,\"caption\":\"elquirurgico.com\"},\"image\":{\"@id\":\"https:\\\/\\\/elquirurgico.com\\\/#\\\/schema\\\/logo\\\/image\\\/\"}}]}<\/script>\n<!-- \/ Yoast SEO plugin. -->","yoast_head_json":{"title":"GORRO MULTIUSO - elquirurgico.com","robots":{"index":"index","follow":"follow","max-snippet":"max-snippet:-1","max-image-preview":"max-image-preview:large","max-video-preview":"max-video-preview:-1"},"canonical":"https:\/\/elquirurgico.com\/?product=gorro-multiuso","og_locale":"en_US","og_type":"article","og_title":"GORRO MULTIUSO - elquirurgico.com","og_url":"https:\/\/elquirurgico.com\/?product=gorro-multiuso","og_site_name":"elquirurgico.com","article_modified_time":"2025-02-19T22:55:12+00:00","og_image":[{"width":970,"height":1057,"url":"https:\/\/elquirurgico.com\/wp-content\/uploads\/2024\/07\/retouch_2024072311153013.png","type":"image\/png"}],"twitter_card":"summary_large_image","twitter_misc":{"Est. reading time":"1 minute"},"schema":{"@context":"https:\/\/schema.org","@graph":[{"@type":"WebPage","@id":"https:\/\/elquirurgico.com\/?product=gorro-multiuso","url":"https:\/\/elquirurgico.com\/?product=gorro-multiuso","name":"GORRO MULTIUSO - elquirurgico.com","isPartOf":{"@id":"https:\/\/elquirurgico.com\/#website"},"primaryImageOfPage":{"@id":"https:\/\/elquirurgico.com\/?product=gorro-multiuso#primaryimage"},"image":{"@id":"https:\/\/elquirurgico.com\/?product=gorro-multiuso#primaryimage"},"thumbnailUrl":"https:\/\/elquirurgico.com\/wp-content\/uploads\/2024\/07\/retouch_2024072311153013.png","datePublished":"2024-08-26T22:00:17+00:00","dateModified":"2025-02-19T22:55:12+00:00","breadcrumb":{"@id":"https:\/\/elquirurgico.com\/?product=gorro-multiuso#breadcrumb"},"inLanguage":"en-US","potentialAction":[{"@type":"ReadAction","target":["https:\/\/elquirurgico.com\/?product=gorro-multiuso"]}]},{"@type":"ImageObject","inLanguage":"en-US","@id":"https:\/\/elquirurgico.com\/?product=gorro-multiuso#primaryimage","url":"https:\/\/elquirurgico.com\/wp-content\/uploads\/2024\/07\/retouch_2024072311153013.png","contentUrl":"https:\/\/elquirurgico.com\/wp-content\/uploads\/2024\/07\/retouch_2024072311153013.png","width":970,"height":1057},{"@type":"BreadcrumbList","@id":"https:\/\/elquirurgico.com\/?product=gorro-multiuso#breadcrumb","itemListElement":[{"@type":"ListItem","position":1,"name":"Home","item":"https:\/\/elquirurgico.com\/"},{"@type":"ListItem","position":2,"name":"Gallery","item":"https:\/\/elquirurgico.com\/"},{"@type":"ListItem","position":3,"name":"GORRO MULTIUSO"}]},{"@type":"WebSite","@id":"https:\/\/elquirurgico.com\/#website","url":"https:\/\/elquirurgico.com\/","name":"elquirurgico.com","description":"Insumos medicos, Indumentaria desechable para procedimientos m\u00e9dicos, est\u00e9ticos y odontol\u00f3gicos. Salud y Belleza. Uniformes Gareis","publisher":{"@id":"https:\/\/elquirurgico.com\/#organization"},"potentialAction":[{"@type":"SearchAction","target":{"@type":"EntryPoint","urlTemplate":"https:\/\/elquirurgico.com\/?s={search_term_string}"},"query-input":{"@type":"PropertyValueSpecification","valueRequired":true,"valueName":"search_term_string"}}],"inLanguage":"en-US"},{"@type":"Organization","@id":"https:\/\/elquirurgico.com\/#organization","name":"elquirurgico.com","url":"https:\/\/elquirurgico.com\/","logo":{"@type":"ImageObject","inLanguage":"en-US","@id":"https:\/\/elquirurgico.com\/#\/schema\/logo\/image\/","url":"https:\/\/elquirurgico.com\/wp-content\/uploads\/2024\/05\/cropped-cropped-cropped-Sin-titulo-Post-en-Instagram_20240518_132000_0000.png","contentUrl":"https:\/\/elquirurgico.com\/wp-content\/uploads\/2024\/05\/cropped-cropped-cropped-Sin-titulo-Post-en-Instagram_20240518_132000_0000.png","width":512,"height":512,"caption":"elquirurgico.com"},"image":{"@id":"https:\/\/elquirurgico.com\/#\/schema\/logo\/image\/"}}]}},"_links":{"self":[{"href":"https:\/\/elquirurgico.com\/index.php?rest_route=\/wp\/v2\/product\/833","targetHints":{"allow":["GET"]}}],"collection":[{"href":"https:\/\/elquirurgico.com\/index.php?rest_route=\/wp\/v2\/product"}],"about":[{"href":"https:\/\/elquirurgico.com\/index.php?rest_route=\/wp\/v2\/types\/product"}],"replies":[{"embeddable":true,"href":"https:\/\/elquirurgico.com\/index.php?rest_route=%2Fwp%2Fv2%2Fcomments&post=833"}],"wp:featuredmedia":[{"embeddable":true,"href":"https:\/\/elquirurgico.com\/index.php?rest_route=\/wp\/v2\/media\/794"}],"wp:attachment":[{"href":"https:\/\/elquirurgico.com\/index.php?rest_route=%2Fwp%2Fv2%2Fmedia&parent=833"}],"wp:term":[{"taxonomy":"product_brand","embeddable":true,"href":"https:\/\/elquirurgico.com\/index.php?rest_route=%2Fwp%2Fv2%2Fproduct_brand&post=833"},{"taxonomy":"product_cat","embeddable":true,"href":"https:\/\/elquirurgico.com\/index.php?rest_route=%2Fwp%2Fv2%2Fproduct_cat&post=833"},{"taxonomy":"product_tag","embeddable":true,"href":"https:\/\/elquirurgico.com\/index.php?rest_route=%2Fwp%2Fv2%2Fproduct_tag&post=833"}],"curies":[{"name":"wp","href":"https:\/\/api.w.org\/{rel}","templated":true}]}}