{"id":869,"date":"2025-06-16T19:31:37","date_gmt":"2025-06-16T19:31:37","guid":{"rendered":"https:\/\/elquirurgico.com\/?post_type=product&#038;p=869"},"modified":"2025-06-17T17:01:07","modified_gmt":"2025-06-17T17:01:07","slug":"mascarilla-triple-con-elastico-copy","status":"publish","type":"product","link":"https:\/\/elquirurgico.com\/?product=mascarilla-triple-con-elastico-copy","title":{"rendered":"MASCARILLA TRIPLE CON EL\u00c1STICO NI\u00d1OS"},"content":{"rendered":"<p><span style=\"vertical-align: inherit;\"><span style=\"vertical-align: inherit;\"><span style=\"vertical-align: inherit;\"><span style=\"vertical-align: inherit;\"><span style=\"vertical-align: inherit;\"><span style=\"vertical-align: inherit;\"><span style=\"vertical-align: inherit;\"><span style=\"vertical-align: inherit;\"><span style=\"vertical-align: inherit;\"><span style=\"vertical-align: inherit;\"><span style=\"vertical-align: inherit;\"><span style=\"vertical-align: inherit;\">MASCARILLA TRIPLE CON EL\u00c1STICO CAJA POR 50 UNIDADES .\u00a0<\/span><\/span><\/span><\/span><\/span><\/span><\/span><\/span><\/span><\/span><\/span><\/span><\/p>\n","protected":false},"excerpt":{"rendered":"<p><img fetchpriority=\"high\" decoding=\"async\" class=\"alignnone size-medium wp-image-501\" src=\"https:\/\/elquirurgico.com\/wp-content\/uploads\/2024\/05\/D_NQ_NP_695872-MEC47043372674_082021-O-1-1-300x254.webp\" alt=\"\" width=\"300\" height=\"254\" srcset=\"https:\/\/elquirurgico.com\/wp-content\/uploads\/2024\/05\/D_NQ_NP_695872-MEC47043372674_082021-O-1-1-300x254.webp 300w, https:\/\/elquirurgico.com\/wp-content\/uploads\/2024\/05\/D_NQ_NP_695872-MEC47043372674_082021-O-1-1.webp 500w\" sizes=\"(max-width: 300px) 100vw, 300px\" \/><\/p>\n","protected":false},"featured_media":876,"comment_status":"open","ping_status":"closed","template":"","meta":{"_coblocks_attr":"","_coblocks_dimensions":"","_coblocks_responsive_height":"","_coblocks_accordion_ie_support":""},"product_brand":[],"product_cat":[12],"product_tag":[],"class_list":{"0":"post-869","1":"product","2":"type-product","3":"status-publish","4":"has-post-thumbnail","6":"product_cat-ropa-desechable","8":"first","9":"instock","10":"shipping-taxable","11":"purchasable","12":"product-type-simple"},"yoast_head":"<!-- This site is optimized with the Yoast SEO plugin v27.4 - https:\/\/yoast.com\/product\/yoast-seo-wordpress\/ -->\n<title>MASCARILLA TRIPLE CON EL\u00c1STICO NI\u00d1OS - elquirurgico.com<\/title>\n<meta name=\"description\" content=\"Mascarilla triple con el\u00e1stico . Caja por 50 unidades Carton por 2000 unidades\" \/>\n<meta name=\"robots\" content=\"index, follow, max-snippet:-1, max-image-preview:large, max-video-preview:-1\" \/>\n<link rel=\"canonical\" href=\"https:\/\/elquirurgico.com\/?product=mascarilla-triple-con-elastico-copy\" \/>\n<meta property=\"og:locale\" content=\"en_US\" \/>\n<meta property=\"og:type\" content=\"article\" \/>\n<meta property=\"og:title\" content=\"MASCARILLA TRIPLE CON EL\u00c1STICO NI\u00d1OS - elquirurgico.com\" \/>\n<meta property=\"og:description\" content=\"Mascarilla triple con el\u00e1stico . Caja por 50 unidades Carton por 2000 unidades\" \/>\n<meta property=\"og:url\" content=\"https:\/\/elquirurgico.com\/?product=mascarilla-triple-con-elastico-copy\" \/>\n<meta property=\"og:site_name\" content=\"elquirurgico.com\" \/>\n<meta property=\"article:modified_time\" content=\"2025-06-17T17:01:07+00:00\" \/>\n<meta property=\"og:image\" content=\"https:\/\/elquirurgico.com\/wp-content\/uploads\/2025\/06\/1000727032-1.jpg\" \/>\n\t<meta property=\"og:image:width\" content=\"488\" \/>\n\t<meta property=\"og:image:height\" content=\"445\" \/>\n\t<meta property=\"og:image:type\" content=\"image\/jpeg\" \/>\n<meta name=\"twitter:card\" content=\"summary_large_image\" \/>\n<meta name=\"twitter:label1\" content=\"Est. reading time\" \/>\n\t<meta name=\"twitter:data1\" content=\"1 minute\" \/>\n<script type=\"application\/ld+json\" class=\"yoast-schema-graph\">{\"@context\":\"https:\\\/\\\/schema.org\",\"@graph\":[{\"@type\":\"WebPage\",\"@id\":\"https:\\\/\\\/elquirurgico.com\\\/?product=mascarilla-triple-con-elastico-copy\",\"url\":\"https:\\\/\\\/elquirurgico.com\\\/?product=mascarilla-triple-con-elastico-copy\",\"name\":\"MASCARILLA TRIPLE CON EL\u00c1STICO NI\u00d1OS - elquirurgico.com\",\"isPartOf\":{\"@id\":\"https:\\\/\\\/elquirurgico.com\\\/#website\"},\"primaryImageOfPage\":{\"@id\":\"https:\\\/\\\/elquirurgico.com\\\/?product=mascarilla-triple-con-elastico-copy#primaryimage\"},\"image\":{\"@id\":\"https:\\\/\\\/elquirurgico.com\\\/?product=mascarilla-triple-con-elastico-copy#primaryimage\"},\"thumbnailUrl\":\"https:\\\/\\\/elquirurgico.com\\\/wp-content\\\/uploads\\\/2025\\\/06\\\/1000727032-1.jpg\",\"datePublished\":\"2025-06-16T19:31:37+00:00\",\"dateModified\":\"2025-06-17T17:01:07+00:00\",\"description\":\"Mascarilla triple con el\u00e1stico . Caja por 50 unidades Carton por 2000 unidades\",\"breadcrumb\":{\"@id\":\"https:\\\/\\\/elquirurgico.com\\\/?product=mascarilla-triple-con-elastico-copy#breadcrumb\"},\"inLanguage\":\"en-US\",\"potentialAction\":[{\"@type\":\"ReadAction\",\"target\":[\"https:\\\/\\\/elquirurgico.com\\\/?product=mascarilla-triple-con-elastico-copy\"]}]},{\"@type\":\"ImageObject\",\"inLanguage\":\"en-US\",\"@id\":\"https:\\\/\\\/elquirurgico.com\\\/?product=mascarilla-triple-con-elastico-copy#primaryimage\",\"url\":\"https:\\\/\\\/elquirurgico.com\\\/wp-content\\\/uploads\\\/2025\\\/06\\\/1000727032-1.jpg\",\"contentUrl\":\"https:\\\/\\\/elquirurgico.com\\\/wp-content\\\/uploads\\\/2025\\\/06\\\/1000727032-1.jpg\",\"width\":488,\"height\":445,\"caption\":\"{\\\"data\\\":{\\\"pictureId\\\":\\\"18492b6e8ae7433e9d6cc2dcbcf539dc\\\",\\\"appversion\\\":\\\"6.2.0\\\",\\\"stickerId\\\":\\\"\\\",\\\"filterId\\\":\\\"\\\",\\\"infoStickerId\\\":\\\"\\\",\\\"imageEffectId\\\":\\\"\\\",\\\"playId\\\":\\\"\\\",\\\"activityName\\\":\\\"\\\",\\\"os\\\":\\\"android\\\",\\\"product\\\":\\\"retouch\\\",\\\"originAppId\\\":\\\"7356\\\",\\\"exportType\\\":\\\"\\\",\\\"editType\\\":\\\"\\\",\\\"alias\\\":\\\"\\\",\\\"enterFrom\\\":\\\"enter_launch\\\",\\\"capability_key\\\":[\\\"portrait\\\",\\\"edit\\\"],\\\"effect_type\\\":\\\"tool\\\",\\\"effect_id\\\":\\\"portrait\\\"},\\\"source_type\\\":\\\"hypic\\\",\\\"tiktok_developers_3p_anchor_params\\\":\\\"{\\\"client_key\\\":\\\"awgvo7gzpeas2ho6\\\",\\\"template_id\\\":\\\"\\\",\\\"filter_id\\\":[],\\\"capability_key\\\":[\\\"portrait\\\",\\\"edit\\\"]}\\\"}\"},{\"@type\":\"BreadcrumbList\",\"@id\":\"https:\\\/\\\/elquirurgico.com\\\/?product=mascarilla-triple-con-elastico-copy#breadcrumb\",\"itemListElement\":[{\"@type\":\"ListItem\",\"position\":1,\"name\":\"Home\",\"item\":\"https:\\\/\\\/elquirurgico.com\\\/\"},{\"@type\":\"ListItem\",\"position\":2,\"name\":\"Gallery\",\"item\":\"https:\\\/\\\/elquirurgico.com\\\/\"},{\"@type\":\"ListItem\",\"position\":3,\"name\":\"MASCARILLA TRIPLE CON EL\u00c1STICO NI\u00d1OS\"}]},{\"@type\":\"WebSite\",\"@id\":\"https:\\\/\\\/elquirurgico.com\\\/#website\",\"url\":\"https:\\\/\\\/elquirurgico.com\\\/\",\"name\":\"elquirurgico.com\",\"description\":\"Insumos medicos, Indumentaria desechable para procedimientos m\u00e9dicos, est\u00e9ticos y odontol\u00f3gicos. Salud y Belleza. Uniformes Gareis\",\"publisher\":{\"@id\":\"https:\\\/\\\/elquirurgico.com\\\/#organization\"},\"potentialAction\":[{\"@type\":\"SearchAction\",\"target\":{\"@type\":\"EntryPoint\",\"urlTemplate\":\"https:\\\/\\\/elquirurgico.com\\\/?s={search_term_string}\"},\"query-input\":{\"@type\":\"PropertyValueSpecification\",\"valueRequired\":true,\"valueName\":\"search_term_string\"}}],\"inLanguage\":\"en-US\"},{\"@type\":\"Organization\",\"@id\":\"https:\\\/\\\/elquirurgico.com\\\/#organization\",\"name\":\"elquirurgico.com\",\"url\":\"https:\\\/\\\/elquirurgico.com\\\/\",\"logo\":{\"@type\":\"ImageObject\",\"inLanguage\":\"en-US\",\"@id\":\"https:\\\/\\\/elquirurgico.com\\\/#\\\/schema\\\/logo\\\/image\\\/\",\"url\":\"https:\\\/\\\/elquirurgico.com\\\/wp-content\\\/uploads\\\/2024\\\/05\\\/cropped-cropped-cropped-Sin-titulo-Post-en-Instagram_20240518_132000_0000.png\",\"contentUrl\":\"https:\\\/\\\/elquirurgico.com\\\/wp-content\\\/uploads\\\/2024\\\/05\\\/cropped-cropped-cropped-Sin-titulo-Post-en-Instagram_20240518_132000_0000.png\",\"width\":512,\"height\":512,\"caption\":\"elquirurgico.com\"},\"image\":{\"@id\":\"https:\\\/\\\/elquirurgico.com\\\/#\\\/schema\\\/logo\\\/image\\\/\"}}]}<\/script>\n<!-- \/ Yoast SEO plugin. -->","yoast_head_json":{"title":"MASCARILLA TRIPLE CON EL\u00c1STICO NI\u00d1OS - elquirurgico.com","description":"Mascarilla triple con el\u00e1stico . Caja por 50 unidades Carton por 2000 unidades","robots":{"index":"index","follow":"follow","max-snippet":"max-snippet:-1","max-image-preview":"max-image-preview:large","max-video-preview":"max-video-preview:-1"},"canonical":"https:\/\/elquirurgico.com\/?product=mascarilla-triple-con-elastico-copy","og_locale":"en_US","og_type":"article","og_title":"MASCARILLA TRIPLE CON EL\u00c1STICO NI\u00d1OS - elquirurgico.com","og_description":"Mascarilla triple con el\u00e1stico . Caja por 50 unidades Carton por 2000 unidades","og_url":"https:\/\/elquirurgico.com\/?product=mascarilla-triple-con-elastico-copy","og_site_name":"elquirurgico.com","article_modified_time":"2025-06-17T17:01:07+00:00","og_image":[{"width":488,"height":445,"url":"https:\/\/elquirurgico.com\/wp-content\/uploads\/2025\/06\/1000727032-1.jpg","type":"image\/jpeg"}],"twitter_card":"summary_large_image","twitter_misc":{"Est. reading time":"1 minute"},"schema":{"@context":"https:\/\/schema.org","@graph":[{"@type":"WebPage","@id":"https:\/\/elquirurgico.com\/?product=mascarilla-triple-con-elastico-copy","url":"https:\/\/elquirurgico.com\/?product=mascarilla-triple-con-elastico-copy","name":"MASCARILLA TRIPLE CON EL\u00c1STICO NI\u00d1OS - elquirurgico.com","isPartOf":{"@id":"https:\/\/elquirurgico.com\/#website"},"primaryImageOfPage":{"@id":"https:\/\/elquirurgico.com\/?product=mascarilla-triple-con-elastico-copy#primaryimage"},"image":{"@id":"https:\/\/elquirurgico.com\/?product=mascarilla-triple-con-elastico-copy#primaryimage"},"thumbnailUrl":"https:\/\/elquirurgico.com\/wp-content\/uploads\/2025\/06\/1000727032-1.jpg","datePublished":"2025-06-16T19:31:37+00:00","dateModified":"2025-06-17T17:01:07+00:00","description":"Mascarilla triple con el\u00e1stico . Caja por 50 unidades Carton por 2000 unidades","breadcrumb":{"@id":"https:\/\/elquirurgico.com\/?product=mascarilla-triple-con-elastico-copy#breadcrumb"},"inLanguage":"en-US","potentialAction":[{"@type":"ReadAction","target":["https:\/\/elquirurgico.com\/?product=mascarilla-triple-con-elastico-copy"]}]},{"@type":"ImageObject","inLanguage":"en-US","@id":"https:\/\/elquirurgico.com\/?product=mascarilla-triple-con-elastico-copy#primaryimage","url":"https:\/\/elquirurgico.com\/wp-content\/uploads\/2025\/06\/1000727032-1.jpg","contentUrl":"https:\/\/elquirurgico.com\/wp-content\/uploads\/2025\/06\/1000727032-1.jpg","width":488,"height":445,"caption":"{\"data\":{\"pictureId\":\"18492b6e8ae7433e9d6cc2dcbcf539dc\",\"appversion\":\"6.2.0\",\"stickerId\":\"\",\"filterId\":\"\",\"infoStickerId\":\"\",\"imageEffectId\":\"\",\"playId\":\"\",\"activityName\":\"\",\"os\":\"android\",\"product\":\"retouch\",\"originAppId\":\"7356\",\"exportType\":\"\",\"editType\":\"\",\"alias\":\"\",\"enterFrom\":\"enter_launch\",\"capability_key\":[\"portrait\",\"edit\"],\"effect_type\":\"tool\",\"effect_id\":\"portrait\"},\"source_type\":\"hypic\",\"tiktok_developers_3p_anchor_params\":\"{\"client_key\":\"awgvo7gzpeas2ho6\",\"template_id\":\"\",\"filter_id\":[],\"capability_key\":[\"portrait\",\"edit\"]}\"}"},{"@type":"BreadcrumbList","@id":"https:\/\/elquirurgico.com\/?product=mascarilla-triple-con-elastico-copy#breadcrumb","itemListElement":[{"@type":"ListItem","position":1,"name":"Home","item":"https:\/\/elquirurgico.com\/"},{"@type":"ListItem","position":2,"name":"Gallery","item":"https:\/\/elquirurgico.com\/"},{"@type":"ListItem","position":3,"name":"MASCARILLA TRIPLE CON EL\u00c1STICO NI\u00d1OS"}]},{"@type":"WebSite","@id":"https:\/\/elquirurgico.com\/#website","url":"https:\/\/elquirurgico.com\/","name":"elquirurgico.com","description":"Insumos medicos, Indumentaria desechable para procedimientos m\u00e9dicos, est\u00e9ticos y odontol\u00f3gicos. Salud y Belleza. Uniformes Gareis","publisher":{"@id":"https:\/\/elquirurgico.com\/#organization"},"potentialAction":[{"@type":"SearchAction","target":{"@type":"EntryPoint","urlTemplate":"https:\/\/elquirurgico.com\/?s={search_term_string}"},"query-input":{"@type":"PropertyValueSpecification","valueRequired":true,"valueName":"search_term_string"}}],"inLanguage":"en-US"},{"@type":"Organization","@id":"https:\/\/elquirurgico.com\/#organization","name":"elquirurgico.com","url":"https:\/\/elquirurgico.com\/","logo":{"@type":"ImageObject","inLanguage":"en-US","@id":"https:\/\/elquirurgico.com\/#\/schema\/logo\/image\/","url":"https:\/\/elquirurgico.com\/wp-content\/uploads\/2024\/05\/cropped-cropped-cropped-Sin-titulo-Post-en-Instagram_20240518_132000_0000.png","contentUrl":"https:\/\/elquirurgico.com\/wp-content\/uploads\/2024\/05\/cropped-cropped-cropped-Sin-titulo-Post-en-Instagram_20240518_132000_0000.png","width":512,"height":512,"caption":"elquirurgico.com"},"image":{"@id":"https:\/\/elquirurgico.com\/#\/schema\/logo\/image\/"}}]}},"_links":{"self":[{"href":"https:\/\/elquirurgico.com\/index.php?rest_route=\/wp\/v2\/product\/869","targetHints":{"allow":["GET"]}}],"collection":[{"href":"https:\/\/elquirurgico.com\/index.php?rest_route=\/wp\/v2\/product"}],"about":[{"href":"https:\/\/elquirurgico.com\/index.php?rest_route=\/wp\/v2\/types\/product"}],"replies":[{"embeddable":true,"href":"https:\/\/elquirurgico.com\/index.php?rest_route=%2Fwp%2Fv2%2Fcomments&post=869"}],"wp:featuredmedia":[{"embeddable":true,"href":"https:\/\/elquirurgico.com\/index.php?rest_route=\/wp\/v2\/media\/876"}],"wp:attachment":[{"href":"https:\/\/elquirurgico.com\/index.php?rest_route=%2Fwp%2Fv2%2Fmedia&parent=869"}],"wp:term":[{"taxonomy":"product_brand","embeddable":true,"href":"https:\/\/elquirurgico.com\/index.php?rest_route=%2Fwp%2Fv2%2Fproduct_brand&post=869"},{"taxonomy":"product_cat","embeddable":true,"href":"https:\/\/elquirurgico.com\/index.php?rest_route=%2Fwp%2Fv2%2Fproduct_cat&post=869"},{"taxonomy":"product_tag","embeddable":true,"href":"https:\/\/elquirurgico.com\/index.php?rest_route=%2Fwp%2Fv2%2Fproduct_tag&post=869"}],"curies":[{"name":"wp","href":"https:\/\/api.w.org\/{rel}","templated":true}]}}